{"id":6000,"date":"2023-04-13T04:03:49","date_gmt":"2023-04-13T04:03:49","guid":{"rendered":"https:\/\/dreamworkballoons.com\/?page_id=6000"},"modified":"2025-12-14T16:53:21","modified_gmt":"2025-12-14T13:53:21","slug":"tour-list","status":"publish","type":"page","link":"https:\/\/dreamworkballoons.com\/es\/tour-list\/","title":{"rendered":"Tour List"},"content":{"rendered":"<div data-elementor-type=\"wp-page\" data-elementor-id=\"6000\" class=\"elementor elementor-6000\">\n\t\t\t\t\t\t<section class=\"elementor-section elementor-top-section elementor-element elementor-element-59ae872 elementor-section-boxed elementor-section-height-default elementor-section-height-default\" data-id=\"59ae872\" data-element_type=\"section\">\n\t\t\t\t\t\t<div class=\"elementor-container elementor-column-gap-default\">\n\t\t\t\t\t<div class=\"elementor-column elementor-col-100 elementor-top-column elementor-element elementor-element-7b9d157\" data-id=\"7b9d157\" data-element_type=\"column\">\n\t\t\t<div class=\"elementor-widget-wrap elementor-element-populated\">\n\t\t\t\t\t\t<div class=\"elementor-element elementor-element-cb93edd elementor-widget elementor-widget-ovabrw_search_ajax\" data-id=\"cb93edd\" data-element_type=\"widget\" data-widget_type=\"ovabrw_search_ajax.default\">\n\t\t\t\t<div class=\"elementor-widget-container\">\n\t\t\t\t\t\n<div class=\"ovabrw-search-ajax\">\n\t<div class=\"wrap-search-ajax\" \n\t    data-adults=\"2\"\n\t    data-childrens=\"0\"\n\t    data-sort_by_default=\"date\"\n\t    data-start-price=\"40\"\n\t    data-end-price=\"3200\"\n\t    data-grid_column=\"\"\n\t    data-thumbnail-type=\"image\">\n\t\t\n\t\t<!-- Search -->\n\t\t\n<div class=\"ovabrw-search ovabrw-search-\">\n\t<form action=\"https:\/\/dreamworkballoons.com\/es\/\" method=\"POST\" class=\"ovabrw-search-form\" data-trp-original-action=\"https:\/\/dreamworkballoons.com\/es\">\n\t\t<div class=\"ovabrw-s-field\">\n\t\t\t<!-- destinations dropdown -->\n\t\t\t\t\t\t\t<div class=\"search-field\">\n\t\t\t\t\t<div class=\"ovabrw-label\">\n\t\t\t\t\t\t<i aria-hidden=\"true\" class=\"icomoon icomoon-location\"><\/i>\t\t\t\t\t\t<span class=\"label\">\n\t\t\t\t\t\t\tDestinos\t\t\t\t\t\t<\/span>\n\t\t\t\t\t<\/div>\n\t\t\t\t\t<div class=\"ovabrw-input search_in_destination\">\n\t\t\t\t\t\t<select id=\"brw-destinations-select-box\" name=\"ovabrw_destination\"><option value=\"all\">\u00bfA d\u00f3nde vas?<\/option><option value=\"9478\">\u00c7at Valley<\/option><option value=\"9472\">G\u00f6reme<\/option><option value=\"9476\">Valle de Ihlara<\/option><option value=\"9474\">Valle de So\u011fanl\u0131<\/option><\/select>\t\t\t\t\t<\/div>\n\t\t\t\t<\/div>\n\t\t\t\n\t\t\t<!-- Taxonomies -->\n\t\t\t\t\t\t\t<div class=\"search-field\">\n\t\t\t\t\t<div class=\"ovabrw-input\">\n\t\t\t\t\t\t<div class=\"ovabrw-label\">\n\t\t\t\t\t\t\t<i aria-hidden=\"true\" class=\"icomoon icomoon-calander\"><\/i>\t\t\t\t\t\t\t<span class=\"label\">\n\t\t\t\t\t\t\t\tFechas\t\t\t\t\t\t\t<\/span>\n\t\t\t\t\t\t<\/div>\n\t\t\t\t\t\t<input type=\"text\" id=\"ovabrw_checkin-date_1776604821_1422331588\" class=\"ovabrw-datepicker-start\" name=\"ovabrw_pickup_date\" value=\"\" placeholder=\"DD-MM-YYYY\"  \/>\t\t\t\t\t<\/div>\n\t\t\t\t<\/div>\n\t\t\t\t\t\t\t<div class=\"search-field guestspicker-control\">\n\t\t\t\t\t<div class=\"ovabrw-input ovabrw-guestspicker-content-wrapper\">\n\t\t\t\t\t\t<div class=\"ovabrw-label\">\n\t\t\t\t\t\t\t<i aria-hidden=\"true\" class=\"icomoon icomoon-user\"><\/i>\t\t\t\t\t\t\t<span class=\"label\">Hu\u00e9spedes<\/span>\n\t\t\t\t\t\t<\/div>\n\t\t\t\t\t\t<div class=\"ovabrw-guestspicker\">\n\t\t\t\t\t\t\t<div class=\"guestspicker\">\n\t\t\t\t\t\t\t\t<span class=\"gueststotal\">2<\/span>\n\t\t\t\t\t\t\t\t<span class=\"guestslabel\">Personas<\/span>\n\t\t\t\t\t\t\t<\/div>\n\t\t\t\t\t\t<\/div>\n\t\t\t\t\t\t<div class=\"ovabrw-guestspicker-content\">\n\t\t\t\t\t\t\t\t\t\t\t\t\t\t\t<div class=\"guests-buttons\">\n\t\t\t\t\t\t\t\t\t<div class=\"description\">\n\t\t\t\t\t\t\t\t\t\t<label>Adults<\/label>\n\t\t\t\t\t\t\t\t\t<\/div>\n\t\t\t\t\t\t\t\t\t<div class=\"guests-button\">\n\t\t\t\t\t\t\t\t\t\t<div class=\"guests-icon minus\">\n\t\t\t\t\t\t\t\t\t\t\t<i class=\"fas fa-minus\"><\/i>\n\t\t\t\t\t\t\t\t\t\t<\/div>\n\t\t\t\t\t\t\t\t\t\t<input\n\t\t\t\t\t\t\t\t\t\t\ttype=\"text\"\n\t\t\t\t\t\t\t\t\t\t\tid=\"ovabrw_adults\"\n\t\t\t\t\t\t\t\t\t\t\tname=\"ovabrw_adults\"\n\t\t\t\t\t\t\t\t\t\t\tclass=\"ovabrw_adults\"\n\t\t\t\t\t\t\t\t\t\t\tvalue=\"2\"\n\t\t\t\t\t\t\t\t\t\t\tmin=\"1\"\n\t\t\t\t\t\t\t\t\t\t\tmax=\"30\"\n\t\t\t\t\t\t\t\t\t\t\/>\n\t\t\t\t\t\t\t\t\t\t<div class=\"guests-icon plus\">\n\t\t\t\t\t\t\t\t\t\t\t<i class=\"fas fa-plus\"><\/i>\n\t\t\t\t\t\t\t\t\t\t<\/div>\n\t\t\t\t\t\t\t\t\t<\/div>\n\t\t\t\t\t\t\t\t<\/div>\n\t\t\t\t\t\t\t\t\t\t\t\t\t\t\t<div class=\"guests-buttons\">\n\t\t\t\t\t\t\t\t\t<div class=\"description\">\n\t\t\t\t\t\t\t\t\t\t<label>Childrens<\/label>\n\t\t\t\t\t\t\t\t\t<\/div>\n\t\t\t\t\t\t\t\t\t<div class=\"guests-button\">\n\t\t\t\t\t\t\t\t\t\t<div class=\"guests-icon minus\">\n\t\t\t\t\t\t\t\t\t\t\t<i class=\"fas fa-minus\"><\/i>\n\t\t\t\t\t\t\t\t\t\t<\/div>\n\t\t\t\t\t\t\t\t\t\t<input\n\t\t\t\t\t\t\t\t\t\t\ttype=\"text\"\n\t\t\t\t\t\t\t\t\t\t\tid=\"ovabrw_childrens\"\n\t\t\t\t\t\t\t\t\t\t\tname=\"ovabrw_childrens\"\n\t\t\t\t\t\t\t\t\t\t\tclass=\"ovabrw_childrens\"\n\t\t\t\t\t\t\t\t\t\t\tvalue=\"0\"\n\t\t\t\t\t\t\t\t\t\t\tmin=\"0\"\n\t\t\t\t\t\t\t\t\t\t\tmax=\"10\"\n\t\t\t\t\t\t\t\t\t\t\/>\n\t\t\t\t\t\t\t\t\t\t<div class=\"guests-icon plus\">\n\t\t\t\t\t\t\t\t\t\t\t<i class=\"fas fa-plus\"><\/i>\n\t\t\t\t\t\t\t\t\t\t<\/div>\n\t\t\t\t\t\t\t\t\t<\/div>\n\t\t\t\t\t\t\t\t<\/div>\n\t\t\t\t\t\t\t\t\t\t\t\t\t\t\t<div class=\"guests-buttons\">\n\t\t\t\t\t\t\t\t\t<div class=\"description\">\n\t\t\t\t\t\t\t\t\t\t<label>Babies<\/label>\n\t\t\t\t\t\t\t\t\t<\/div>\n\t\t\t\t\t\t\t\t\t<div class=\"guests-button\">\n\t\t\t\t\t\t\t\t\t\t<div class=\"guests-icon minus\">\n\t\t\t\t\t\t\t\t\t\t\t<i class=\"fas fa-minus\"><\/i>\n\t\t\t\t\t\t\t\t\t\t<\/div>\n\t\t\t\t\t\t\t\t\t\t<input\n\t\t\t\t\t\t\t\t\t\t\ttype=\"text\"\n\t\t\t\t\t\t\t\t\t\t\tid=\"ovabrw_babies\"\n\t\t\t\t\t\t\t\t\t\t\tname=\"ovabrw_babies\"\n\t\t\t\t\t\t\t\t\t\t\tclass=\"ovabrw_babies\"\n\t\t\t\t\t\t\t\t\t\t\tvalue=\"0\"\n\t\t\t\t\t\t\t\t\t\t\tmin=\"0\"\n\t\t\t\t\t\t\t\t\t\t\tmax=\"10\"\n\t\t\t\t\t\t\t\t\t\t\/>\n\t\t\t\t\t\t\t\t\t\t<div class=\"guests-icon plus\">\n\t\t\t\t\t\t\t\t\t\t\t<i class=\"fas fa-plus\"><\/i>\n\t\t\t\t\t\t\t\t\t\t<\/div>\n\t\t\t\t\t\t\t\t\t<\/div>\n\t\t\t\t\t\t\t\t<\/div>\n\t\t\t\t\t\t\t\t\t\t\t\t\t<\/div>\n\t\t\t\t\t<\/div>\n\t\t\t\t<\/div>\n\t\t\t\n\t\t\t<!-- button -->\n\t\t\t<div class=\"ovabrw-search-btn\">\n\t\t\t\t\t\t\t\t<button class=\"ovabrw-btn\" type=\"submit\">\n\t\t\t\t\t<i aria-hidden=\"true\" class=\"icomoon icomoon-search\"><\/i>\t\t\t\t<\/button>\t\t\n\t\t\t<\/div>\n\t\t<\/div>\n\t<input type=\"hidden\" name=\"trp-form-language\" value=\"es\"\/><\/form>\n<\/div>\n\t\t<!-- Advanced Search -->\n\t\t\t        <div class=\"ovabrw-search-advanced\">\n\t        \t<div class=\"search-advanced-input\">\n\t        \t\t\t\t        \t\t<div class=\"advanced-search-icon\">\n\t\t        \t\t\t<i aria-hidden=\"true\" class=\"icomoon icomoon-search-zoom-in\"><\/i>\t\t        \t\t<\/div>\n\t        \t\t\t\t        \t<span class=\"search-advanced-text\">\n\t\t        \t\tB\u00fasqueda Avanzada\t\t        \t<\/span>\n\t\t        \t<i aria-hidden=\"true\" class=\"icomoon icomoon-chevron-down\"><\/i>\n\t        \t<\/div>\n\t        \t<div class=\"search-advanced-field-wrapper\">\n\t        \t\t\t\t        \t    <div class=\"search-advanced-field price-field\">\n\t\t        \t    \t<span class=\"ovabrw-label\">\n\t\t        \t    \t\tFiltrar por Precio\t\t        \t    \t<\/span>\n\t\t        \t    \t<div class=\"brw-tour-price-input\" data-currency_symbol=\"&euro;\">\n\t\t\t        \t    \t<input type=\"text\" class=\"brw-tour-price-from\" value=\"40\" data-value=\"40\">\n\t\t\t\t\t\t\t\t<input type=\"text\" class=\"brw-tour-price-to\" value=\"3200\" data-value=\"3200\">\n\t\t\t\t\t\t\t<\/div>\n\t\t        \t     \t<div class=\"slider-wrapper\">\n\t\t\t\t\t\t\t    <div id=\"brw-tour-price-slider\"><\/div>\n\t\t\t\t\t\t\t<\/div> \n\t\t        \t    <\/div>\n\t        \t\t\t\t        \t    <div class=\"search-advanced-field tour-categories-field\">\n\t\t        \t    \t<span class=\"ovabrw-label\">\n\t\t        \t    \t\tCategor\u00edas\t\t        \t    \t<\/span>\n\t\t        \t     \t\t\t\t        \t     \t\t<div class=\"tour-category-field\">\n\t\t\t        \t     \t\t\t<input\n\t\t\t        \t     \t\t\t\tid=\"tour-category-filter-soganli-hot-air-balloon\"\n\t\t\t        \t     \t\t\t\ttype=\"checkbox\"\n\t\t\t        \t     \t\t\t\tclass=\"tour-category-filter\"\n\t\t\t        \t     \t\t\t\tname=\"category_value\"\n\t\t\t        \t     \t\t\t\tvalue=\"soganli-hot-air-balloon\"\n\t\t\t        \t     \t\t\t\t\t\t\t        \t     \t\t\t\/>\n\t\t\t\t        \t     \t\t<label for=\"tour-category-filter-soganli-hot-air-balloon\">\n\t\t\t\t\t\t\t\t\t\t\t<span class=\"tour-category-name\">\n\t\t\t\t\t\t\t\t\t\t\t\tSo\u011fanl\u0131 Hot Air Balloon\t\t\t\t\t\t\t\t\t\t\t<\/span>\n\t\t\t\t\t\t\t\t\t\t<\/label>\n\t\t\t\t\t\t\t\t\t\t \n\t\t\t\t        \t     \t<\/div>\n\t\t\t\t        \t    \t\t\t        \t     \t\t<div class=\"tour-category-field\">\n\t\t\t        \t     \t\t\t<input\n\t\t\t        \t     \t\t\t\tid=\"tour-category-filter-cat-hot-air-balloon\"\n\t\t\t        \t     \t\t\t\ttype=\"checkbox\"\n\t\t\t        \t     \t\t\t\tclass=\"tour-category-filter\"\n\t\t\t        \t     \t\t\t\tname=\"category_value\"\n\t\t\t        \t     \t\t\t\tvalue=\"cat-hot-air-balloon\"\n\t\t\t        \t     \t\t\t\t\t\t\t        \t     \t\t\t\/>\n\t\t\t\t        \t     \t\t<label for=\"tour-category-filter-cat-hot-air-balloon\">\n\t\t\t\t\t\t\t\t\t\t\t<span class=\"tour-category-name\">\n\t\t\t\t\t\t\t\t\t\t\t\t\u00c7at Hot Air Balloon\t\t\t\t\t\t\t\t\t\t\t<\/span>\n\t\t\t\t\t\t\t\t\t\t<\/label>\n\t\t\t\t\t\t\t\t\t\t \n\t\t\t\t        \t     \t<\/div>\n\t\t\t\t        \t    \t\t\t        \t     \t\t<div class=\"tour-category-field\">\n\t\t\t        \t     \t\t\t<input\n\t\t\t        \t     \t\t\t\tid=\"tour-category-filter-goreme-hot-air-balloon\"\n\t\t\t        \t     \t\t\t\ttype=\"checkbox\"\n\t\t\t        \t     \t\t\t\tclass=\"tour-category-filter\"\n\t\t\t        \t     \t\t\t\tname=\"category_value\"\n\t\t\t        \t     \t\t\t\tvalue=\"goreme-hot-air-balloon\"\n\t\t\t        \t     \t\t\t\t\t\t\t        \t     \t\t\t\/>\n\t\t\t\t        \t     \t\t<label for=\"tour-category-filter-goreme-hot-air-balloon\">\n\t\t\t\t\t\t\t\t\t\t\t<span class=\"tour-category-name\">\n\t\t\t\t\t\t\t\t\t\t\t\tG\u00f6reme Hot Air Balloon\t\t\t\t\t\t\t\t\t\t\t<\/span>\n\t\t\t\t\t\t\t\t\t\t<\/label>\n\t\t\t\t\t\t\t\t\t\t \n\t\t\t\t        \t     \t<\/div>\n\t\t\t\t        \t    \t\t        \t    <\/div>\n\t        \t    \t        \t<\/div>\n\t        <\/div>\n\t    \t        <div class=\"ovabrw-tour-filter\">\n\t        \t<div class=\"left-filter\">\n\t        \t\t<span class=\"tour-found-text number-result-tour-found\">\n\t\t        \t\t0\t\t        \t<\/span>\n\t        \t\t<span class=\"tour-found-text\">\n\t\t        \t\tTours found\t\t        \t<\/span>\n\t\t        \t<span class=\"clear-filter\">\n\t\t        \t\tClear Filter\t\t        \t<\/span>\n\t        \t<\/div>\n\t        \t<div class=\"right-filter\">\n\t        \t\t<div class=\"filter-sort\">\n\t        \t\t\t<input type=\"text\" class=\"input_select_input\" name=\"sr_sort_by_label\" value=\"Sort by\" autocomplete=\"off\" readonly=\"readonly\">\n\n\t\t\t\t\t\t<input type=\"hidden\" class=\"input_select_input_value\" name=\"sr_sort_by\" value=\"date\">\n\n\t\t\t\t\t\t<ul class=\"input_select_list\" style=\"display: none;\">\n\t\t\t\t\t\t    <li class=\"term_item term_item_selected\" \n\t\t\t\t\t\t    \tdata-id=\"date\"\n\t\t\t\t\t\t    \tdata-value=\"Sort by latest\"\n\t\t\t\t\t\t    >\n\t\t\t\t\t\t\t    Latest\t\t\t\t\t\t\t<\/li>\n\t\t\t\t\t\t\t<li class=\"term_item\" \n\t\t\t\t\t\t\t\tdata-id=\"rating_desc\" \n\t\t\t\t\t\t\t\tdata-value=\"Sort by rating\"\n\t\t\t\t\t\t\t>\n\t\t\t\t\t\t\t\tRating\t\t\t\t\t\t\t<\/li>\n\t\t\t\t\t\t\t<li class=\"term_item\" \n\t\t\t\t\t\t\t\tdata-id=\"price_asc\" \n\t\t\t\t\t\t\t\tdata-value=\"Sort by price: low to high\"\n\t\t\t\t\t\t\t>\n\t\t\t\t\t\t\t\tPrice: low to high\t\t\t\t\t\t\t<\/li>\n\t\t\t\t\t\t\t<li class=\"term_item\" \n\t\t\t\t\t\t\t\tdata-id=\"price_desc\" \n\t\t\t\t\t\t\t\tdata-value=\"Sort by price: high to low\"\n\t\t\t\t\t\t\t>\n\t\t\t\t\t\t\t\tPrice: high to low\t\t\t\t\t\t\t<\/li>\n\t\t\t\t\t\t<\/ul>\n\t\t\t\t\t<\/div>\n\n\t\t\t\t\t<div class=\"asc_desc_sort\">\n\t        \t\t\t<i aria-hidden=\"true\" class=\"asc_sort icomoon icomoon-chevron-up\"><\/i>\n\t        \t\t    <i aria-hidden=\"true\" class=\"desc_sort icomoon icomoon-chevron-down\"><\/i>\n\t        \t\t<\/div>\n\n\t        \t\t<div class=\"filter-result-layout\">\n\t\t        \t\t<i aria-hidden=\"true\" class=\"filter-layout filter-layout-active icomoon icomoon-list\" data-layout=\"list\"><\/i>\n\t\t\t\t\t\t<i aria-hidden=\"true\" class=\"filter-layout  icomoon icomoon-gird\" data-layout=\"grid\"><\/i>\n\t\t\t\t\t<\/div>\n\t         \t<\/div>\t\n\t        <\/div>\n\t    \n\t\t<!-- Load more -->\n\t\t<div class=\"wrap-load-more\" style=\"display: none;\">\n\t\t\t<svg class=\"loader\" width=\"50\" height=\"50\">\n\t\t\t\t<circle cx=\"25\" cy=\"25\" r=\"10\" \/>\n\t\t\t\t<circle cx=\"25\" cy=\"25\" r=\"20\" \/>\n\t\t\t<\/svg>\n\t\t<\/div>\n\t\t<!-- End load more -->\n\n\t\t<!-- Search result -->\n\t\t\t\t\t\t<div \n\t\t\t\t\tid=\"brw-search-ajax-result\" \n\t\t\t\t\tclass=\"brw-search-ajax-result\" \n\t\t\t\t\tdata-order=\"DESC\" \n\t\t\t\t\tdata-orderby=\"date\" \n\t\t\t\t\tdata-defautl-category=\"[]\" \n\t\t\t\t\tdata-show-category=\"yes\" \n\t\t\t\t\tdata-orderby_meta_key=\"\" \n\t\t\t\t\tdata-posts-per-page=\"8\">\n\t\t\t\t<\/div>\n\t\t\t    <\/div>\n<\/div>\t\t\t\t<\/div>\n\t\t\t\t<\/div>\n\t\t\t\t\t<\/div>\n\t\t<\/div>\n\t\t\t\t\t<\/div>\n\t\t<\/section>\n\t\t\t\t<\/div>","protected":false},"excerpt":{"rendered":"<p>Destinations Where are you going?\u00c7at ValleyG\u00f6remeIhlara ValleySo\u011fanl\u0131 Valley Dates Guests 2 Persons Adults Childrens Babies Advanced Search Filter Price Categories So\u011fanl\u0131 Hot Air Balloon \u00c7at Hot Air Balloon G\u00f6reme Hot Air Balloon 0 Tours found Clear Filter Latest Rating Price: low to high Price: high to low<\/p>","protected":false},"author":1,"featured_media":0,"parent":0,"menu_order":0,"comment_status":"closed","ping_status":"closed","template":"elementor_header_footer","meta":{"footnotes":""},"class_list":["post-6000","page","type-page","status-publish","hentry"],"yoast_head":"<!-- This site is optimized with the Yoast SEO plugin v26.5 - https:\/\/yoast.com\/wordpress\/plugins\/seo\/ -->\n<title>Tour List - Dreamwork Balloons<\/title>\n<meta name=\"robots\" content=\"index, follow, max-snippet:-1, max-image-preview:large, max-video-preview:-1\" \/>\n<link rel=\"canonical\" href=\"https:\/\/dreamworkballoons.com\/es\/tour-list\/\" \/>\n<meta property=\"og:locale\" content=\"es_ES\" \/>\n<meta property=\"og:type\" content=\"article\" \/>\n<meta property=\"og:title\" content=\"Tour List - Dreamwork Balloons\" \/>\n<meta property=\"og:description\" content=\"Destinations Where are you going?\u00c7at ValleyG\u00f6remeIhlara ValleySo\u011fanl\u0131 Valley Dates Guests 2 Persons Adults Childrens Babies Advanced Search Filter Price Categories So\u011fanl\u0131 Hot Air Balloon \u00c7at Hot Air Balloon G\u00f6reme Hot Air Balloon 0 Tours found Clear Filter Latest Rating Price: low to high Price: high to low\" \/>\n<meta property=\"og:url\" content=\"https:\/\/dreamworkballoons.com\/es\/tour-list\/\" \/>\n<meta property=\"og:site_name\" content=\"Dreamwork Balloons\" \/>\n<meta property=\"article:modified_time\" content=\"2025-12-14T13:53:21+00:00\" \/>\n<meta name=\"twitter:card\" content=\"summary_large_image\" \/>\n<meta name=\"twitter:label1\" content=\"Tiempo de lectura\" \/>\n\t<meta name=\"twitter:data1\" content=\"1 minuto\" \/>\n<script type=\"application\/ld+json\" class=\"yoast-schema-graph\">{\"@context\":\"https:\/\/schema.org\",\"@graph\":[{\"@type\":\"WebPage\",\"@id\":\"https:\/\/dreamworkballoons.com\/tour-list\/\",\"url\":\"https:\/\/dreamworkballoons.com\/tour-list\/\",\"name\":\"Tour List - Dreamwork Balloons\",\"isPartOf\":{\"@id\":\"https:\/\/dreamworkballoons.com\/#website\"},\"datePublished\":\"2023-04-13T04:03:49+00:00\",\"dateModified\":\"2025-12-14T13:53:21+00:00\",\"breadcrumb\":{\"@id\":\"https:\/\/dreamworkballoons.com\/tour-list\/#breadcrumb\"},\"inLanguage\":\"es\",\"potentialAction\":[{\"@type\":\"ReadAction\",\"target\":[\"https:\/\/dreamworkballoons.com\/tour-list\/\"]}]},{\"@type\":\"BreadcrumbList\",\"@id\":\"https:\/\/dreamworkballoons.com\/tour-list\/#breadcrumb\",\"itemListElement\":[{\"@type\":\"ListItem\",\"position\":1,\"name\":\"Anasayfa\",\"item\":\"https:\/\/dreamworkballoons.com\/\"},{\"@type\":\"ListItem\",\"position\":2,\"name\":\"Tour List\"}]},{\"@type\":\"WebSite\",\"@id\":\"https:\/\/dreamworkballoons.com\/#website\",\"url\":\"https:\/\/dreamworkballoons.com\/\",\"name\":\"Dreamwork Balloons\",\"description\":\"\",\"potentialAction\":[{\"@type\":\"SearchAction\",\"target\":{\"@type\":\"EntryPoint\",\"urlTemplate\":\"https:\/\/dreamworkballoons.com\/?s={search_term_string}\"},\"query-input\":{\"@type\":\"PropertyValueSpecification\",\"valueRequired\":true,\"valueName\":\"search_term_string\"}}],\"inLanguage\":\"es\"}]}<\/script>\n<!-- \/ Yoast SEO plugin. -->","yoast_head_json":{"title":"Tour List - Dreamwork Balloons","robots":{"index":"index","follow":"follow","max-snippet":"max-snippet:-1","max-image-preview":"max-image-preview:large","max-video-preview":"max-video-preview:-1"},"canonical":"https:\/\/dreamworkballoons.com\/es\/tour-list\/","og_locale":"es_ES","og_type":"article","og_title":"Tour List - Dreamwork Balloons","og_description":"Destinations Where are you going?\u00c7at ValleyG\u00f6remeIhlara ValleySo\u011fanl\u0131 Valley Dates Guests 2 Persons Adults Childrens Babies Advanced Search Filter Price Categories So\u011fanl\u0131 Hot Air Balloon \u00c7at Hot Air Balloon G\u00f6reme Hot Air Balloon 0 Tours found Clear Filter Latest Rating Price: low to high Price: high to low","og_url":"https:\/\/dreamworkballoons.com\/es\/tour-list\/","og_site_name":"Dreamwork Balloons","article_modified_time":"2025-12-14T13:53:21+00:00","twitter_card":"summary_large_image","twitter_misc":{"Tiempo de lectura":"1 minuto"},"schema":{"@context":"https:\/\/schema.org","@graph":[{"@type":"WebPage","@id":"https:\/\/dreamworkballoons.com\/tour-list\/","url":"https:\/\/dreamworkballoons.com\/tour-list\/","name":"Tour List - Dreamwork Balloons","isPartOf":{"@id":"https:\/\/dreamworkballoons.com\/#website"},"datePublished":"2023-04-13T04:03:49+00:00","dateModified":"2025-12-14T13:53:21+00:00","breadcrumb":{"@id":"https:\/\/dreamworkballoons.com\/tour-list\/#breadcrumb"},"inLanguage":"es","potentialAction":[{"@type":"ReadAction","target":["https:\/\/dreamworkballoons.com\/tour-list\/"]}]},{"@type":"BreadcrumbList","@id":"https:\/\/dreamworkballoons.com\/tour-list\/#breadcrumb","itemListElement":[{"@type":"ListItem","position":1,"name":"Anasayfa","item":"https:\/\/dreamworkballoons.com\/"},{"@type":"ListItem","position":2,"name":"Tour List"}]},{"@type":"WebSite","@id":"https:\/\/dreamworkballoons.com\/#website","url":"https:\/\/dreamworkballoons.com\/","name":"Dreamwork Balloons","description":"","potentialAction":[{"@type":"SearchAction","target":{"@type":"EntryPoint","urlTemplate":"https:\/\/dreamworkballoons.com\/?s={search_term_string}"},"query-input":{"@type":"PropertyValueSpecification","valueRequired":true,"valueName":"search_term_string"}}],"inLanguage":"es"}]}},"_links":{"self":[{"href":"https:\/\/dreamworkballoons.com\/es\/wp-json\/wp\/v2\/pages\/6000","targetHints":{"allow":["GET"]}}],"collection":[{"href":"https:\/\/dreamworkballoons.com\/es\/wp-json\/wp\/v2\/pages"}],"about":[{"href":"https:\/\/dreamworkballoons.com\/es\/wp-json\/wp\/v2\/types\/page"}],"author":[{"embeddable":true,"href":"https:\/\/dreamworkballoons.com\/es\/wp-json\/wp\/v2\/users\/1"}],"replies":[{"embeddable":true,"href":"https:\/\/dreamworkballoons.com\/es\/wp-json\/wp\/v2\/comments?post=6000"}],"version-history":[{"count":5,"href":"https:\/\/dreamworkballoons.com\/es\/wp-json\/wp\/v2\/pages\/6000\/revisions"}],"predecessor-version":[{"id":9727,"href":"https:\/\/dreamworkballoons.com\/es\/wp-json\/wp\/v2\/pages\/6000\/revisions\/9727"}],"wp:attachment":[{"href":"https:\/\/dreamworkballoons.com\/es\/wp-json\/wp\/v2\/media?parent=6000"}],"curies":[{"name":"wp","href":"https:\/\/api.w.org\/{rel}","templated":true}]}}