{"id":9373,"date":"2022-07-14T09:54:56","date_gmt":"2022-07-14T09:54:56","guid":{"rendered":"https:\/\/dreamworkballoons.com\/?page_id=12"},"modified":"2022-07-14T09:54:56","modified_gmt":"2022-07-14T09:54:56","slug":"refund_returns-2","status":"publish","type":"page","link":"https:\/\/dreamworkballoons.com\/es\/refund_returns-2\/","title":{"rendered":"Refund and Returns Policy"},"content":{"rendered":"<p><b>This is a sample page.<\/b><\/p>\n\n\n\n<p><h3>Resumen<\/h3><\/p>\n\n\n\n<p>Nuestra pol\u00edtica de reembolsos y devoluciones tiene una duraci\u00f3n de 30 d\u00edas. Si han pasado 30 d\u00edas desde tu compra, no podemos ofrecerte un reembolso completo ni un cambio.<\/p>\n\n\n\n<p>Para ser elegible para una devoluci\u00f3n, el art\u00edculo debe estar sin usar y en las mismas condiciones en las que lo recibiste. Adem\u00e1s, debe estar en su embalaje original.<\/p>\n\n\n\n<p>Varios tipos de productos est\u00e1n exentos de ser devueltos. Los productos perecederos como alimentos, flores, peri\u00f3dicos o revistas no pueden ser devueltos. Tampoco aceptamos productos que sean art\u00edculos \u00edntimos o sanitarios, materiales peligrosos, o l\u00edquidos o gases inflamables.<\/p>\n\n\n\n<p>Art\u00edculos adicionales no retornables:<\/p>\n\n\n\n<ul class=\"wp-block-list\"><li>Tarjetas de regalo<\/li><li>Productos de software descargables<\/li><li>Algunos art\u00edculos de salud y cuidado personal<\/li><\/ul>\n\n\n\n<p>Para completar tu devoluci\u00f3n, necesitamos un recibo o comprobante de compra.<\/p>\n\n\n\n<p>Por favor, no env\u00edes tu compra de vuelta al fabricante.<\/p>\n\n\n\n<p>Existen ciertas situaciones en las que solo se otorgan reembolsos parciales:<\/p>\n\n\n\n<ul class=\"wp-block-list\"><li>Libros con signos evidentes de uso<\/li><li>CD, DVD, cinta VHS, software, videojuego, cinta de casete o disco de vinilo que haya sido abierto.<\/li><li>Cualquier art\u00edculo que no est\u00e9 en su condici\u00f3n original, est\u00e9 da\u00f1ado o le falten piezas por razones no atribuibles a nuestro error.<\/li><li>Cualquier art\u00edculo que se devuelva m\u00e1s de 30 d\u00edas despu\u00e9s de la entrega.<\/li><\/ul>\n\n\n\n<p><h2>Reembolsos<\/h2><\/p>\n\n\n\n<p>Una vez que se reciba e inspeccione tu devoluci\u00f3n, te enviaremos un correo electr\u00f3nico notific\u00e1ndote que hemos recibido tu art\u00edculo devuelto. Tambi\u00e9n te notificaremos si tu reembolso ha sido aprobado o rechazado.<\/p>\n\n\n\n<p>Si se aprueba tu solicitud, el reembolso se procesar\u00e1 y un cr\u00e9dito se aplicar\u00e1 autom\u00e1ticamente a tu tarjeta de cr\u00e9dito o m\u00e9todo de pago original, dentro de un determinado plazo.<\/p>\n\n\n\n<p><b>Reembolsos tard\u00edos o no recibidos<\/b><\/p>\n\n\n\n<p>Si a\u00fan no has recibido tu reembolso, primero revisa tu cuenta bancaria nuevamente.<\/p>\n\n\n\n<p>Luego, contacta a tu compa\u00f1\u00eda de tarjeta de cr\u00e9dito, ya que puede tomar un tiempo antes de que el reembolso se publique oficialmente.<\/p>\n\n\n\n<p>A continuaci\u00f3n, contacta a tu banco. A menudo hay un tiempo de procesamiento antes de que el reembolso se publique.<\/p>\n\n\n\n<p>Si has hecho todo esto y a\u00fan no has recibido tu reembolso, por favor cont\u00e1ctanos en {direcci\u00f3n de correo electr\u00f3nico}.<\/p>\n\n\n\n<p><b>Art\u00edculos en oferta<\/b><\/p>\n\n\n\n<p>Solo los art\u00edculos a precio regular pueden ser reembolsados. Los art\u00edculos en oferta no son reembolsables.<\/p>\n\n\n\n<p><h2>Cambios<\/h2><\/p>\n\n\n\n<p>Solo reemplazamos art\u00edculos si est\u00e1n defectuosos o da\u00f1ados. Si necesitas cambiarlo por el mismo art\u00edculo, env\u00edanos un correo electr\u00f3nico a {direcci\u00f3n de correo electr\u00f3nico} y env\u00eda tu art\u00edculo a: {direcci\u00f3n f\u00edsica}.<\/p>\n\n\n\n<p><h2>Regalos<\/h2><\/p>\n\n\n\n<p>Si el art\u00edculo fue marcado como un regalo cuando se compr\u00f3 y se envi\u00f3 directamente a ti, recibir\u00e1s un cr\u00e9dito por el valor de tu devoluci\u00f3n. Una vez que recibamos el art\u00edculo devuelto, te enviaremos un certificado de regalo.<\/p>\n\n\n\n<p>Si el art\u00edculo no fue marcado como un regalo cuando se compr\u00f3, o si el comprador del regalo tuvo el pedido enviado a s\u00ed mismo para entreg\u00e1rtelo m\u00e1s tarde, enviaremos el reembolso al comprador del regalo y \u00e9l\/ella se enterar\u00e1 de tu devoluci\u00f3n.<\/p>\n\n\n\n<p><h2>Env\u00edos de devoluciones<\/h2><\/p>\n\n\n\n<p>To return your product, you should mail your product to: {physical address}.<\/p>\n\n\n\n<p>Ser\u00e1s responsable de pagar los costos de env\u00edo para devolver el art\u00edculo. Los costos de env\u00edo no son reembolsables. Si recibes un reembolso, el costo del env\u00edo de la devoluci\u00f3n ser\u00e1 descontado de tu reembolso.<\/p>\n\n\n\n<p>Dependiendo de d\u00f3nde vivas, el tiempo que tarde tu producto cambiado en llegar a ti puede variar.<\/p>\n\n\n\n<p>Si est\u00e1s devolviendo art\u00edculos m\u00e1s caros, puedes considerar utilizar un servicio de env\u00edo rastreable o comprar un seguro de env\u00edo. No garantizamos que recibiremos el art\u00edculo devuelto.<\/p>\n\n\n\n<p><h2>\u00bfNecesitas ayuda?<\/h2><\/p>\n\n\n\n<p>Contact us at {email} for questions related to refunds and returns.<\/p>","protected":false},"excerpt":{"rendered":"<p>This is a sample page. Overview Our refund and returns policy lasts 30 days. If 30 days have passed since your purchase, we can\u2019t offer you a full refund or exchange. To be eligible for a return, your item must be unused and in the same condition that you received it. It must also be [&hellip;]<\/p>","protected":false},"author":1,"featured_media":0,"parent":0,"menu_order":0,"comment_status":"closed","ping_status":"closed","template":"","meta":{"footnotes":""},"class_list":["post-9373","page","type-page","status-publish","hentry"],"yoast_head":"<!-- This site is optimized with the Yoast SEO plugin v26.5 - https:\/\/yoast.com\/wordpress\/plugins\/seo\/ -->\n<title>Refund and Returns Policy - Dreamwork Balloons<\/title>\n<meta name=\"robots\" content=\"index, follow, max-snippet:-1, max-image-preview:large, max-video-preview:-1\" \/>\n<link rel=\"canonical\" href=\"https:\/\/dreamworkballoons.com\/es\/refund_returns-2\/\" \/>\n<meta property=\"og:locale\" content=\"es_ES\" \/>\n<meta property=\"og:type\" content=\"article\" \/>\n<meta property=\"og:title\" content=\"Refund and Returns Policy - Dreamwork Balloons\" \/>\n<meta property=\"og:description\" content=\"This is a sample page. Overview Our refund and returns policy lasts 30 days. If 30 days have passed since your purchase, we can\u2019t offer you a full refund or exchange. To be eligible for a return, your item must be unused and in the same condition that you received it. It must also be [&hellip;]\" \/>\n<meta property=\"og:url\" content=\"https:\/\/dreamworkballoons.com\/es\/refund_returns-2\/\" \/>\n<meta property=\"og:site_name\" content=\"Dreamwork Balloons\" \/>\n<meta name=\"twitter:card\" content=\"summary_large_image\" \/>\n<meta name=\"twitter:label1\" content=\"Tiempo de lectura\" \/>\n\t<meta name=\"twitter:data1\" content=\"3 minutos\" \/>\n<script type=\"application\/ld+json\" class=\"yoast-schema-graph\">{\"@context\":\"https:\/\/schema.org\",\"@graph\":[{\"@type\":\"WebPage\",\"@id\":\"https:\/\/dreamworkballoons.com\/refund_returns-2\/\",\"url\":\"https:\/\/dreamworkballoons.com\/refund_returns-2\/\",\"name\":\"Refund and Returns Policy - Dreamwork Balloons\",\"isPartOf\":{\"@id\":\"https:\/\/dreamworkballoons.com\/#website\"},\"datePublished\":\"2022-07-14T09:54:56+00:00\",\"breadcrumb\":{\"@id\":\"https:\/\/dreamworkballoons.com\/refund_returns-2\/#breadcrumb\"},\"inLanguage\":\"es\",\"potentialAction\":[{\"@type\":\"ReadAction\",\"target\":[\"https:\/\/dreamworkballoons.com\/refund_returns-2\/\"]}]},{\"@type\":\"BreadcrumbList\",\"@id\":\"https:\/\/dreamworkballoons.com\/refund_returns-2\/#breadcrumb\",\"itemListElement\":[{\"@type\":\"ListItem\",\"position\":1,\"name\":\"Anasayfa\",\"item\":\"https:\/\/dreamworkballoons.com\/\"},{\"@type\":\"ListItem\",\"position\":2,\"name\":\"Refund and Returns Policy\"}]},{\"@type\":\"WebSite\",\"@id\":\"https:\/\/dreamworkballoons.com\/#website\",\"url\":\"https:\/\/dreamworkballoons.com\/\",\"name\":\"Dreamwork Balloons\",\"description\":\"\",\"potentialAction\":[{\"@type\":\"SearchAction\",\"target\":{\"@type\":\"EntryPoint\",\"urlTemplate\":\"https:\/\/dreamworkballoons.com\/?s={search_term_string}\"},\"query-input\":{\"@type\":\"PropertyValueSpecification\",\"valueRequired\":true,\"valueName\":\"search_term_string\"}}],\"inLanguage\":\"es\"}]}<\/script>\n<!-- \/ Yoast SEO plugin. -->","yoast_head_json":{"title":"Refund and Returns Policy - Dreamwork Balloons","robots":{"index":"index","follow":"follow","max-snippet":"max-snippet:-1","max-image-preview":"max-image-preview:large","max-video-preview":"max-video-preview:-1"},"canonical":"https:\/\/dreamworkballoons.com\/es\/refund_returns-2\/","og_locale":"es_ES","og_type":"article","og_title":"Refund and Returns Policy - Dreamwork Balloons","og_description":"This is a sample page. Overview Our refund and returns policy lasts 30 days. If 30 days have passed since your purchase, we can\u2019t offer you a full refund or exchange. To be eligible for a return, your item must be unused and in the same condition that you received it. It must also be [&hellip;]","og_url":"https:\/\/dreamworkballoons.com\/es\/refund_returns-2\/","og_site_name":"Dreamwork Balloons","twitter_card":"summary_large_image","twitter_misc":{"Tiempo de lectura":"3 minutos"},"schema":{"@context":"https:\/\/schema.org","@graph":[{"@type":"WebPage","@id":"https:\/\/dreamworkballoons.com\/refund_returns-2\/","url":"https:\/\/dreamworkballoons.com\/refund_returns-2\/","name":"Refund and Returns Policy - Dreamwork Balloons","isPartOf":{"@id":"https:\/\/dreamworkballoons.com\/#website"},"datePublished":"2022-07-14T09:54:56+00:00","breadcrumb":{"@id":"https:\/\/dreamworkballoons.com\/refund_returns-2\/#breadcrumb"},"inLanguage":"es","potentialAction":[{"@type":"ReadAction","target":["https:\/\/dreamworkballoons.com\/refund_returns-2\/"]}]},{"@type":"BreadcrumbList","@id":"https:\/\/dreamworkballoons.com\/refund_returns-2\/#breadcrumb","itemListElement":[{"@type":"ListItem","position":1,"name":"Anasayfa","item":"https:\/\/dreamworkballoons.com\/"},{"@type":"ListItem","position":2,"name":"Refund and Returns Policy"}]},{"@type":"WebSite","@id":"https:\/\/dreamworkballoons.com\/#website","url":"https:\/\/dreamworkballoons.com\/","name":"Dreamwork Balloons","description":"","potentialAction":[{"@type":"SearchAction","target":{"@type":"EntryPoint","urlTemplate":"https:\/\/dreamworkballoons.com\/?s={search_term_string}"},"query-input":{"@type":"PropertyValueSpecification","valueRequired":true,"valueName":"search_term_string"}}],"inLanguage":"es"}]}},"_links":{"self":[{"href":"https:\/\/dreamworkballoons.com\/es\/wp-json\/wp\/v2\/pages\/9373","targetHints":{"allow":["GET"]}}],"collection":[{"href":"https:\/\/dreamworkballoons.com\/es\/wp-json\/wp\/v2\/pages"}],"about":[{"href":"https:\/\/dreamworkballoons.com\/es\/wp-json\/wp\/v2\/types\/page"}],"author":[{"embeddable":true,"href":"https:\/\/dreamworkballoons.com\/es\/wp-json\/wp\/v2\/users\/1"}],"replies":[{"embeddable":true,"href":"https:\/\/dreamworkballoons.com\/es\/wp-json\/wp\/v2\/comments?post=9373"}],"version-history":[{"count":0,"href":"https:\/\/dreamworkballoons.com\/es\/wp-json\/wp\/v2\/pages\/9373\/revisions"}],"wp:attachment":[{"href":"https:\/\/dreamworkballoons.com\/es\/wp-json\/wp\/v2\/media?parent=9373"}],"curies":[{"name":"wp","href":"https:\/\/api.w.org\/{rel}","templated":true}]}}