{"id":9490,"date":"2025-12-09T15:15:05","date_gmt":"2025-12-09T12:15:05","guid":{"rendered":"https:\/\/dreamworkballoons.com\/?post_type=product&#038;p=9490"},"modified":"2026-03-11T22:32:03","modified_gmt":"2026-03-11T19:32:03","slug":"cappadocia-hot-air-balloon-private-flight","status":"publish","type":"product","link":"https:\/\/dreamworkballoons.com\/es\/tour\/cappadocia-hot-air-balloon-private-flight\/","title":{"rendered":"El globo de Capadocia \u2013 Vuelo Privado"},"content":{"rendered":"<p data-start=\"156\" data-end=\"262\"><strong data-start=\"156\" data-end=\"262\">El globo de Capadocia Vuelo Privado \u2013 \u00a1Eleva Tu Experiencia con Lujo y Vistas Espectaculares!<\/strong><\/p>\n<p data-start=\"264\" data-end=\"677\" class=\"translation-block\">\u00bfAlguna vez has so\u00f1ado con volar sobre los impresionantes paisajes de Capadocia? El <strong data-start=\"344\" data-end=\"389\">Vuelo Privado en Globo de Capadocia<\/strong> ofrece un viaje inolvidable. Flotar\u00e1s sobre las chimeneas de hadas de G\u00f6reme, valles y formaciones rocosas antiguas. Ya sea que sea tu primera vez en un globo o seas un pasajero experimentado, este vuelo promete vistas impresionantes, todo mientras disfrutas de una experiencia m\u00e1s personal y exclusiva.<\/p>\n<h3 data-start=\"679\" data-end=\"713\">Tipos de Vuelos en Capadocia<\/h3>\n<p data-start=\"715\" data-end=\"767\">Existen dos tipos principales de vuelos en globo aerost\u00e1tico:<\/p>\n<ul data-start=\"769\" data-end=\"1176\">\n<li data-start=\"769\" data-end=\"975\">\n<p data-start=\"771\" data-end=\"975\"><strong data-start=\"771\" data-end=\"789\">Vuelo al Amanecer:<\/strong>Este vuelo comienza antes del amanecer. Te da la oportunidad de ver el sol salir sobre el paisaje de Capadocia. La luz suave a\u00f1ade un toque m\u00e1gico, convirti\u00e9ndolo en una de las opciones m\u00e1s populares para montar en el globo.<\/p>\n<\/li>\n<li data-start=\"977\" data-end=\"1176\">\n<p data-start=\"979\" data-end=\"1176\"><strong data-start=\"979\" data-end=\"998\">Vuelo de D\u00eda :<\/strong>Este vuelo comienza 30 minutos despu\u00e9s del amanecer. Te permite experimentar el paisaje completamente iluminado por la luz del d\u00eda. Las vistas cambian a medida que el sol asciende, ofreciendo una nueva perspectiva.<\/p>\n<\/li>\n<\/ul>\n<h3 data-start=\"1178\" data-end=\"1228\">\u00bfQui\u00e9n puede unirse al paseo privado en el globo?<\/h3>\n<p data-start=\"1230\" data-end=\"1633\">Tanto los vuelos al amanecer como los vuelos diurnos est\u00e1n abiertos a participantes a partir de los 6 a\u00f1os. Esto lo convierte en una excelente actividad para toda la familia. Personas de todas las edades pueden disfrutar juntas de las impresionantes vistas. El vuelo tambi\u00e9n es perfecto para aquellos que buscan aventura y tranquilidad. No se requieren habilidades especiales ni niveles de condici\u00f3n f\u00edsica para participar. Todos pueden experimentar la magia de flotar sobre los paisajes \u00fanicos de Capadocia.<\/p>\n<h3 data-start=\"1635\" data-end=\"1697\">\u00bfPor qu\u00e9 elegir un vuelo privado en globo en Capadocia?<\/h3>\n<p data-start=\"1699\" data-end=\"2070\" class=\"translation-block\">Con un <strong data-start=\"1706\" data-end=\"1724\">vuelo privado<\/strong>, t\u00fa y tu grupo pueden disfrutar de una experiencia exclusiva en globo. Ya sea que est\u00e9n celebrando una ocasi\u00f3n especial como una sorpresa de cumplea\u00f1os o haciendo una propuesta de matrimonio, esta es la oportunidad perfecta para una aventura privada e \u00edntima. Volar\u00e1s solo con tu grupo, lo que garantiza que la experiencia sea completamente personal y adaptada a tus necesidades.<\/p>\n<p data-start=\"2072\" data-end=\"2313\">Capadocia es uno de los principales destinos de globos aerost\u00e1ticos del mundo. Desde el aire, ver\u00e1s las chimeneas de hadas, valles y viviendas talladas en roca desde una perspectiva \u00fanica. Es un para\u00edso para los fot\u00f3grafos, perfecto para capturar momentos inolvidables.<\/p>\n<p data-start=\"2315\" data-end=\"2535\">La seguridad es una prioridad. Todos los vuelos en globo son realizados por pilotos experimentados, lo que garantiza una experiencia suave y segura. Ya sea que sea tu primer vuelo o un aventurero experimentado, te sentir\u00e1s seguro durante todo el viaje.<\/p>\n<p data-start=\"2537\" data-end=\"2744\" class=\"translation-block\">Los impresionantes paisajes de Capadocia ofrecen un escenario m\u00e1gico para este emocionante paseo. Un <strong data-start=\"2624\" data-end=\"2642\">vuelo privado<\/strong> es una experiencia imprescindible durante tu visita, ofreciendo recuerdos inolvidables en un entorno lujoso.<\/p>\n<h3 data-start=\"2746\" data-end=\"2759\">\u00a1Reserva Ahora!<\/h3>\n<p data-start=\"2761\" data-end=\"3008\" class=\"translation-block\">No te pierdas esta incre\u00edble oportunidad. \u00a1Reserva tu <strong data-start=\"2821\" data-end=\"2839\">vuelo privado<\/strong> hoy mismo para una experiencia de paseo en globo de ensue\u00f1o que t\u00fa y tu grupo nunca olvidar\u00e1n! Para m\u00e1s detalles y precios, cont\u00e1ctanos directamente para obtener una cotizaci\u00f3n personalizada.<\/p>\n<p>For more information about the <strong data-start=\"3041\" data-end=\"3070\">Cappadocia Private Flight<\/strong>, contact us via <a href=\"https:\/\/wa.me\/+905455368550\">WhatsApp<\/a>!<\/p>","protected":false},"excerpt":{"rendered":"<ul>\n<li>Indulge in a private hot air balloon flight over Cappadocia\u2019s stunning landscapes. Experience luxury, privacy, and unforgettable views!<\/li>\n<\/ul>","protected":false},"featured_media":9419,"comment_status":"open","ping_status":"closed","template":"","meta":[],"product_brand":[],"product_cat":[54],"product_tag":[],"class_list":{"0":"post-9490","1":"product","2":"type-product","3":"status-publish","4":"has-post-thumbnail","6":"product_cat-goreme-hot-air-balloon","8":"first","9":"instock","10":"sale","11":"featured","12":"shipping-taxable","13":"purchasable","14":"product-type-ovabrw_car_rental"},"yoast_head":"<!-- This site is optimized with the Yoast SEO plugin v26.5 - https:\/\/yoast.com\/wordpress\/plugins\/seo\/ -->\n<title>Cappadocia Hot Air Balloon - Private Flight - Dreamwork Balloons<\/title>\n<meta name=\"description\" content=\"Indulge in a private hot air balloon flight over Cappadocia\u2019s stunning landscapes. Experience luxury, privacy, and unforgettable views!\" \/>\n<meta name=\"robots\" content=\"index, follow, max-snippet:-1, max-image-preview:large, max-video-preview:-1\" \/>\n<link rel=\"canonical\" href=\"https:\/\/dreamworkballoons.com\/es\/tour\/cappadocia-hot-air-balloon-private-flight\/\" \/>\n<meta property=\"og:locale\" content=\"es_ES\" \/>\n<meta property=\"og:type\" content=\"article\" \/>\n<meta property=\"og:title\" content=\"Cappadocia Hot Air Balloon - Private Flight - Dreamwork Balloons\" \/>\n<meta property=\"og:description\" content=\"Indulge in a private hot air balloon flight over Cappadocia\u2019s stunning landscapes. Experience luxury, privacy, and unforgettable views!\" \/>\n<meta property=\"og:url\" content=\"https:\/\/dreamworkballoons.com\/es\/tour\/cappadocia-hot-air-balloon-private-flight\/\" \/>\n<meta property=\"og:site_name\" content=\"Dreamwork Balloons\" \/>\n<meta property=\"article:modified_time\" content=\"2026-03-11T19:32:03+00:00\" \/>\n<meta property=\"og:image\" content=\"https:\/\/dreamworkballoons.com\/wp-content\/uploads\/2023\/04\/hot_air_balloon_4.webp\" \/>\n\t<meta property=\"og:image:width\" content=\"1920\" \/>\n\t<meta property=\"og:image:height\" content=\"1080\" \/>\n\t<meta property=\"og:image:type\" content=\"image\/webp\" \/>\n<meta name=\"twitter:card\" content=\"summary_large_image\" \/>\n<meta name=\"twitter:label1\" content=\"Tiempo de lectura\" \/>\n\t<meta name=\"twitter:data1\" content=\"3 minutos\" \/>\n<script type=\"application\/ld+json\" class=\"yoast-schema-graph\">{\"@context\":\"https:\/\/schema.org\",\"@graph\":[{\"@type\":\"WebPage\",\"@id\":\"https:\/\/dreamworkballoons.com\/tour\/cappadocia-hot-air-balloon-private-flight\/\",\"url\":\"https:\/\/dreamworkballoons.com\/tour\/cappadocia-hot-air-balloon-private-flight\/\",\"name\":\"Cappadocia Hot Air Balloon - Private Flight - Dreamwork Balloons\",\"isPartOf\":{\"@id\":\"https:\/\/dreamworkballoons.com\/#website\"},\"primaryImageOfPage\":{\"@id\":\"https:\/\/dreamworkballoons.com\/tour\/cappadocia-hot-air-balloon-private-flight\/#primaryimage\"},\"image\":{\"@id\":\"https:\/\/dreamworkballoons.com\/tour\/cappadocia-hot-air-balloon-private-flight\/#primaryimage\"},\"thumbnailUrl\":\"https:\/\/dreamworkballoons.com\/wp-content\/uploads\/2023\/04\/hot_air_balloon_4.webp\",\"datePublished\":\"2025-12-09T12:15:05+00:00\",\"dateModified\":\"2026-03-11T19:32:03+00:00\",\"description\":\"Indulge in a private hot air balloon flight over Cappadocia\u2019s stunning landscapes. Experience luxury, privacy, and unforgettable views!\",\"breadcrumb\":{\"@id\":\"https:\/\/dreamworkballoons.com\/tour\/cappadocia-hot-air-balloon-private-flight\/#breadcrumb\"},\"inLanguage\":\"es\",\"potentialAction\":[{\"@type\":\"ReadAction\",\"target\":[\"https:\/\/dreamworkballoons.com\/tour\/cappadocia-hot-air-balloon-private-flight\/\"]}]},{\"@type\":\"ImageObject\",\"inLanguage\":\"es\",\"@id\":\"https:\/\/dreamworkballoons.com\/tour\/cappadocia-hot-air-balloon-private-flight\/#primaryimage\",\"url\":\"https:\/\/dreamworkballoons.com\/wp-content\/uploads\/2023\/04\/hot_air_balloon_4.webp\",\"contentUrl\":\"https:\/\/dreamworkballoons.com\/wp-content\/uploads\/2023\/04\/hot_air_balloon_4.webp\",\"width\":1920,\"height\":1080},{\"@type\":\"BreadcrumbList\",\"@id\":\"https:\/\/dreamworkballoons.com\/tour\/cappadocia-hot-air-balloon-private-flight\/#breadcrumb\",\"itemListElement\":[{\"@type\":\"ListItem\",\"position\":1,\"name\":\"Anasayfa\",\"item\":\"https:\/\/dreamworkballoons.com\/\"},{\"@type\":\"ListItem\",\"position\":2,\"name\":\"Shop\",\"item\":\"https:\/\/dreamworkballoons.com\/shop\/\"},{\"@type\":\"ListItem\",\"position\":3,\"name\":\"Cappadocia Hot Air Balloon &#8211; Private Flight\"}]},{\"@type\":\"WebSite\",\"@id\":\"https:\/\/dreamworkballoons.com\/#website\",\"url\":\"https:\/\/dreamworkballoons.com\/\",\"name\":\"Dreamwork Balloons\",\"description\":\"\",\"potentialAction\":[{\"@type\":\"SearchAction\",\"target\":{\"@type\":\"EntryPoint\",\"urlTemplate\":\"https:\/\/dreamworkballoons.com\/?s={search_term_string}\"},\"query-input\":{\"@type\":\"PropertyValueSpecification\",\"valueRequired\":true,\"valueName\":\"search_term_string\"}}],\"inLanguage\":\"es\"}]}<\/script>\n<!-- \/ Yoast SEO plugin. -->","yoast_head_json":{"title":"Cappadocia Hot Air Balloon - Private Flight - Dreamwork Balloons","description":"Indulge in a private hot air balloon flight over Cappadocia\u2019s stunning landscapes. Experience luxury, privacy, and unforgettable views!","robots":{"index":"index","follow":"follow","max-snippet":"max-snippet:-1","max-image-preview":"max-image-preview:large","max-video-preview":"max-video-preview:-1"},"canonical":"https:\/\/dreamworkballoons.com\/es\/tour\/cappadocia-hot-air-balloon-private-flight\/","og_locale":"es_ES","og_type":"article","og_title":"Cappadocia Hot Air Balloon - Private Flight - Dreamwork Balloons","og_description":"Indulge in a private hot air balloon flight over Cappadocia\u2019s stunning landscapes. Experience luxury, privacy, and unforgettable views!","og_url":"https:\/\/dreamworkballoons.com\/es\/tour\/cappadocia-hot-air-balloon-private-flight\/","og_site_name":"Dreamwork Balloons","article_modified_time":"2026-03-11T19:32:03+00:00","og_image":[{"width":1920,"height":1080,"url":"https:\/\/dreamworkballoons.com\/wp-content\/uploads\/2023\/04\/hot_air_balloon_4.webp","type":"image\/webp"}],"twitter_card":"summary_large_image","twitter_misc":{"Tiempo de lectura":"3 minutos"},"schema":{"@context":"https:\/\/schema.org","@graph":[{"@type":"WebPage","@id":"https:\/\/dreamworkballoons.com\/tour\/cappadocia-hot-air-balloon-private-flight\/","url":"https:\/\/dreamworkballoons.com\/tour\/cappadocia-hot-air-balloon-private-flight\/","name":"Cappadocia Hot Air Balloon - Private Flight - Dreamwork Balloons","isPartOf":{"@id":"https:\/\/dreamworkballoons.com\/#website"},"primaryImageOfPage":{"@id":"https:\/\/dreamworkballoons.com\/tour\/cappadocia-hot-air-balloon-private-flight\/#primaryimage"},"image":{"@id":"https:\/\/dreamworkballoons.com\/tour\/cappadocia-hot-air-balloon-private-flight\/#primaryimage"},"thumbnailUrl":"https:\/\/dreamworkballoons.com\/wp-content\/uploads\/2023\/04\/hot_air_balloon_4.webp","datePublished":"2025-12-09T12:15:05+00:00","dateModified":"2026-03-11T19:32:03+00:00","description":"Indulge in a private hot air balloon flight over Cappadocia\u2019s stunning landscapes. Experience luxury, privacy, and unforgettable views!","breadcrumb":{"@id":"https:\/\/dreamworkballoons.com\/tour\/cappadocia-hot-air-balloon-private-flight\/#breadcrumb"},"inLanguage":"es","potentialAction":[{"@type":"ReadAction","target":["https:\/\/dreamworkballoons.com\/tour\/cappadocia-hot-air-balloon-private-flight\/"]}]},{"@type":"ImageObject","inLanguage":"es","@id":"https:\/\/dreamworkballoons.com\/tour\/cappadocia-hot-air-balloon-private-flight\/#primaryimage","url":"https:\/\/dreamworkballoons.com\/wp-content\/uploads\/2023\/04\/hot_air_balloon_4.webp","contentUrl":"https:\/\/dreamworkballoons.com\/wp-content\/uploads\/2023\/04\/hot_air_balloon_4.webp","width":1920,"height":1080},{"@type":"BreadcrumbList","@id":"https:\/\/dreamworkballoons.com\/tour\/cappadocia-hot-air-balloon-private-flight\/#breadcrumb","itemListElement":[{"@type":"ListItem","position":1,"name":"Anasayfa","item":"https:\/\/dreamworkballoons.com\/"},{"@type":"ListItem","position":2,"name":"Shop","item":"https:\/\/dreamworkballoons.com\/shop\/"},{"@type":"ListItem","position":3,"name":"Cappadocia Hot Air Balloon &#8211; Private Flight"}]},{"@type":"WebSite","@id":"https:\/\/dreamworkballoons.com\/#website","url":"https:\/\/dreamworkballoons.com\/","name":"Dreamwork Balloons","description":"","potentialAction":[{"@type":"SearchAction","target":{"@type":"EntryPoint","urlTemplate":"https:\/\/dreamworkballoons.com\/?s={search_term_string}"},"query-input":{"@type":"PropertyValueSpecification","valueRequired":true,"valueName":"search_term_string"}}],"inLanguage":"es"}]}},"_links":{"self":[{"href":"https:\/\/dreamworkballoons.com\/es\/wp-json\/wp\/v2\/product\/9490","targetHints":{"allow":["GET"]}}],"collection":[{"href":"https:\/\/dreamworkballoons.com\/es\/wp-json\/wp\/v2\/product"}],"about":[{"href":"https:\/\/dreamworkballoons.com\/es\/wp-json\/wp\/v2\/types\/product"}],"replies":[{"embeddable":true,"href":"https:\/\/dreamworkballoons.com\/es\/wp-json\/wp\/v2\/comments?post=9490"}],"wp:featuredmedia":[{"embeddable":true,"href":"https:\/\/dreamworkballoons.com\/es\/wp-json\/wp\/v2\/media\/9419"}],"wp:attachment":[{"href":"https:\/\/dreamworkballoons.com\/es\/wp-json\/wp\/v2\/media?parent=9490"}],"wp:term":[{"taxonomy":"product_brand","embeddable":true,"href":"https:\/\/dreamworkballoons.com\/es\/wp-json\/wp\/v2\/product_brand?post=9490"},{"taxonomy":"product_cat","embeddable":true,"href":"https:\/\/dreamworkballoons.com\/es\/wp-json\/wp\/v2\/product_cat?post=9490"},{"taxonomy":"product_tag","embeddable":true,"href":"https:\/\/dreamworkballoons.com\/es\/wp-json\/wp\/v2\/product_tag?post=9490"}],"curies":[{"name":"wp","href":"https:\/\/api.w.org\/{rel}","templated":true}]}}