{"id":9494,"date":"2025-12-09T16:19:16","date_gmt":"2025-12-09T13:19:16","guid":{"rendered":"https:\/\/dreamworkballoons.com\/?post_type=product&#038;p=9494"},"modified":"2026-03-11T22:32:14","modified_gmt":"2026-03-11T19:32:14","slug":"cat-hot-air-balloon-standart-flight","status":"publish","type":"product","link":"https:\/\/dreamworkballoons.com\/es\/tour\/cat-hot-air-balloon-standart-flight\/","title":{"rendered":"Cat Hot Air Balloon &#8211; Standart Flight"},"content":{"rendered":"<p data-start=\"130\" data-end=\"223\"><strong data-start=\"130\" data-end=\"223\">El globo Cat Vuelo Est\u00e1ndar \u2013 Desl\u00edzate Sobre Vistas Impresionantes con M\u00e1ximo Confort<\/strong><\/p>\n<p data-start=\"225\" data-end=\"551\" class=\"translation-block\">\u00bfAlguna vez has so\u00f1ado con volar sobre los impresionantes paisajes de \u00c7at? El <strong data-start=\"298\" data-end=\"326\">Paseo en globo Cat<\/strong> ofrece un viaje inolvidable. Flotar\u00e1s sobre las chimeneas de hadas, valles y formaciones rocosas antiguas. Ya sea que sea tu primera vez en un globo o seas un experimentado pasajero, este vuelo promete vistas impresionantes.<\/p>\n<h3 data-start=\"553\" data-end=\"580\">Tipos de Vuelos en \u00c7at<\/h3>\n<p data-start=\"582\" data-end=\"634\">Existen dos tipos principales de vuelos en globo aerost\u00e1tico:<\/p>\n<ul data-start=\"636\" data-end=\"1036\">\n<li data-start=\"636\" data-end=\"835\">\n<p data-start=\"638\" data-end=\"835\"><strong data-start=\"638\" data-end=\"656\">Vuelo al Amanecer:<\/strong>Este vuelo comienza antes del amanecer. Te da la oportunidad de ver el sol salir sobre el paisaje de \u00c7at. La luz suave a\u00f1ade magia, convirti\u00e9ndolo en una de las opciones m\u00e1s populares.<\/p>\n<\/li>\n<li data-start=\"837\" data-end=\"1036\">\n<p data-start=\"839\" data-end=\"1036\"><strong data-start=\"839\" data-end=\"858\">Vuelo de D\u00eda :<\/strong>Este vuelo comienza 30 minutos despu\u00e9s del amanecer. Te permite experimentar el paisaje completamente iluminado por la luz del d\u00eda. Las vistas cambian a medida que el sol asciende, ofreciendo una nueva perspectiva.<\/p>\n<\/li>\n<\/ul>\n<h3 data-start=\"1038\" data-end=\"1080\">\u00bfQui\u00e9n puede unirse al paseo en el globo?<\/h3>\n<p data-start=\"1082\" data-end=\"1474\">Tanto los vuelos al amanecer como los de d\u00eda est\u00e1n abiertos a participantes de 6 a\u00f1os en adelante. Esto lo convierte en una excelente actividad para toda la familia. Personas de todas las edades pueden disfrutar juntas de las vistas impresionantes. El vuelo es adecuado para quienes buscan aventura y tranquilidad. No se requieren habilidades especiales ni niveles de condici\u00f3n f\u00edsica para participar. Todos pueden experimentar la magia de flotar sobre los paisajes \u00fanicos de \u00c7at.<\/p>\n<h3 data-start=\"1476\" data-end=\"1521\">\u00bfPor Qu\u00e9 Elegir un Paseo en Globo Aerost\u00e1tico en \u00c7at?<\/h3>\n<p data-start=\"1523\" data-end=\"1709\">\u00c7at es uno de los destinos m\u00e1s destacados para los vuelos en globo en el mundo. Desde el aire, ver\u00e1s las chimeneas de hadas, valles y viviendas esculpidas en roca desde una nueva perspectiva. Es un para\u00edso para los fot\u00f3grafos.<\/p>\n<p data-start=\"1711\" data-end=\"1919\">La seguridad es una prioridad. Todos los paseos en globo son realizados por pilotos experimentados, lo que garantiza una experiencia suave y segura. Ya sea que sea tu primer paseo o seas un aventurero experimentado, te sentir\u00e1s seguro en todo momento.<\/p>\n<p data-start=\"1921\" data-end=\"2035\">Los paisajes de \u00c7at ofrecen un escenario m\u00e1gico para este emocionante paseo. Es una experiencia esencial durante tu visita.<\/p>\n<h3 data-start=\"2037\" data-end=\"2050\">\u00a1Reserva Ahora!<\/h3>\n<p data-start=\"2052\" data-end=\"2162\">No te pierdas esta incre\u00edble oportunidad. \u00a1Reserva tu lugar hoy para un paseo en globo de ensue\u00f1o que nunca olvidar\u00e1s!<\/p>\n<p data-start=\"2164\" data-end=\"2260\">For more information about the <strong data-start=\"2195\" data-end=\"2234\">Cat Hot Air Balloon Standard Flight<\/strong>, contact us via <a href=\"https:\/\/wa.me\/+905455368550\">WhatsApp<\/a>!<\/p>","protected":false},"excerpt":{"rendered":"<ul>\n<li>Experience breathtaking views and the magic of Cat Hot Air Balloon. Book your Standard Flight for an unforgettable adventure today!<\/li>\n<\/ul>","protected":false},"featured_media":9451,"comment_status":"open","ping_status":"closed","template":"","meta":[],"product_brand":[],"product_cat":[56],"product_tag":[],"class_list":{"0":"post-9494","1":"product","2":"type-product","3":"status-publish","4":"has-post-thumbnail","6":"product_cat-cat-hot-air-balloon","8":"first","9":"instock","10":"sale","11":"featured","12":"shipping-taxable","13":"purchasable","14":"product-type-ovabrw_car_rental"},"yoast_head":"<!-- This site is optimized with the Yoast SEO plugin v26.5 - https:\/\/yoast.com\/wordpress\/plugins\/seo\/ -->\n<title>Cat Hot Air Balloon - Standart Flight - Dreamwork Balloons<\/title>\n<meta name=\"description\" content=\"Experience breathtaking views and the magic of Cat Hot Air Balloon. Book your Standard Flight for an unforgettable adventure today!\" \/>\n<meta name=\"robots\" content=\"index, follow, max-snippet:-1, max-image-preview:large, max-video-preview:-1\" \/>\n<link rel=\"canonical\" href=\"https:\/\/dreamworkballoons.com\/es\/tour\/cat-hot-air-balloon-standart-flight\/\" \/>\n<meta property=\"og:locale\" content=\"es_ES\" \/>\n<meta property=\"og:type\" content=\"article\" \/>\n<meta property=\"og:title\" content=\"Cat Hot Air Balloon - Standart Flight - Dreamwork Balloons\" \/>\n<meta property=\"og:description\" content=\"Experience breathtaking views and the magic of Cat Hot Air Balloon. Book your Standard Flight for an unforgettable adventure today!\" \/>\n<meta property=\"og:url\" content=\"https:\/\/dreamworkballoons.com\/es\/tour\/cat-hot-air-balloon-standart-flight\/\" \/>\n<meta property=\"og:site_name\" content=\"Dreamwork Balloons\" \/>\n<meta property=\"article:modified_time\" content=\"2026-03-11T19:32:14+00:00\" \/>\n<meta property=\"og:image\" content=\"https:\/\/dreamworkballoons.com\/wp-content\/uploads\/2023\/04\/hot_air_balloon_36.webp\" \/>\n\t<meta property=\"og:image:width\" content=\"1920\" \/>\n\t<meta property=\"og:image:height\" content=\"1080\" \/>\n\t<meta property=\"og:image:type\" content=\"image\/webp\" \/>\n<meta name=\"twitter:card\" content=\"summary_large_image\" \/>\n<meta name=\"twitter:label1\" content=\"Tiempo de lectura\" \/>\n\t<meta name=\"twitter:data1\" content=\"3 minutos\" \/>\n<script type=\"application\/ld+json\" class=\"yoast-schema-graph\">{\"@context\":\"https:\/\/schema.org\",\"@graph\":[{\"@type\":\"WebPage\",\"@id\":\"https:\/\/dreamworkballoons.com\/tour\/cat-hot-air-balloon-standart-flight\/\",\"url\":\"https:\/\/dreamworkballoons.com\/tour\/cat-hot-air-balloon-standart-flight\/\",\"name\":\"Cat Hot Air Balloon - Standart Flight - Dreamwork Balloons\",\"isPartOf\":{\"@id\":\"https:\/\/dreamworkballoons.com\/#website\"},\"primaryImageOfPage\":{\"@id\":\"https:\/\/dreamworkballoons.com\/tour\/cat-hot-air-balloon-standart-flight\/#primaryimage\"},\"image\":{\"@id\":\"https:\/\/dreamworkballoons.com\/tour\/cat-hot-air-balloon-standart-flight\/#primaryimage\"},\"thumbnailUrl\":\"https:\/\/dreamworkballoons.com\/wp-content\/uploads\/2023\/04\/hot_air_balloon_36.webp\",\"datePublished\":\"2025-12-09T13:19:16+00:00\",\"dateModified\":\"2026-03-11T19:32:14+00:00\",\"description\":\"Experience breathtaking views and the magic of Cat Hot Air Balloon. Book your Standard Flight for an unforgettable adventure today!\",\"breadcrumb\":{\"@id\":\"https:\/\/dreamworkballoons.com\/tour\/cat-hot-air-balloon-standart-flight\/#breadcrumb\"},\"inLanguage\":\"es\",\"potentialAction\":[{\"@type\":\"ReadAction\",\"target\":[\"https:\/\/dreamworkballoons.com\/tour\/cat-hot-air-balloon-standart-flight\/\"]}]},{\"@type\":\"ImageObject\",\"inLanguage\":\"es\",\"@id\":\"https:\/\/dreamworkballoons.com\/tour\/cat-hot-air-balloon-standart-flight\/#primaryimage\",\"url\":\"https:\/\/dreamworkballoons.com\/wp-content\/uploads\/2023\/04\/hot_air_balloon_36.webp\",\"contentUrl\":\"https:\/\/dreamworkballoons.com\/wp-content\/uploads\/2023\/04\/hot_air_balloon_36.webp\",\"width\":1920,\"height\":1080},{\"@type\":\"BreadcrumbList\",\"@id\":\"https:\/\/dreamworkballoons.com\/tour\/cat-hot-air-balloon-standart-flight\/#breadcrumb\",\"itemListElement\":[{\"@type\":\"ListItem\",\"position\":1,\"name\":\"Anasayfa\",\"item\":\"https:\/\/dreamworkballoons.com\/\"},{\"@type\":\"ListItem\",\"position\":2,\"name\":\"Shop\",\"item\":\"https:\/\/dreamworkballoons.com\/shop\/\"},{\"@type\":\"ListItem\",\"position\":3,\"name\":\"Cat Hot Air Balloon &#8211; Standart Flight\"}]},{\"@type\":\"WebSite\",\"@id\":\"https:\/\/dreamworkballoons.com\/#website\",\"url\":\"https:\/\/dreamworkballoons.com\/\",\"name\":\"Dreamwork Balloons\",\"description\":\"\",\"potentialAction\":[{\"@type\":\"SearchAction\",\"target\":{\"@type\":\"EntryPoint\",\"urlTemplate\":\"https:\/\/dreamworkballoons.com\/?s={search_term_string}\"},\"query-input\":{\"@type\":\"PropertyValueSpecification\",\"valueRequired\":true,\"valueName\":\"search_term_string\"}}],\"inLanguage\":\"es\"}]}<\/script>\n<!-- \/ Yoast SEO plugin. -->","yoast_head_json":{"title":"Cat Hot Air Balloon - Standart Flight - Dreamwork Balloons","description":"Experience breathtaking views and the magic of Cat Hot Air Balloon. Book your Standard Flight for an unforgettable adventure today!","robots":{"index":"index","follow":"follow","max-snippet":"max-snippet:-1","max-image-preview":"max-image-preview:large","max-video-preview":"max-video-preview:-1"},"canonical":"https:\/\/dreamworkballoons.com\/es\/tour\/cat-hot-air-balloon-standart-flight\/","og_locale":"es_ES","og_type":"article","og_title":"Cat Hot Air Balloon - Standart Flight - Dreamwork Balloons","og_description":"Experience breathtaking views and the magic of Cat Hot Air Balloon. Book your Standard Flight for an unforgettable adventure today!","og_url":"https:\/\/dreamworkballoons.com\/es\/tour\/cat-hot-air-balloon-standart-flight\/","og_site_name":"Dreamwork Balloons","article_modified_time":"2026-03-11T19:32:14+00:00","og_image":[{"width":1920,"height":1080,"url":"https:\/\/dreamworkballoons.com\/wp-content\/uploads\/2023\/04\/hot_air_balloon_36.webp","type":"image\/webp"}],"twitter_card":"summary_large_image","twitter_misc":{"Tiempo de lectura":"3 minutos"},"schema":{"@context":"https:\/\/schema.org","@graph":[{"@type":"WebPage","@id":"https:\/\/dreamworkballoons.com\/tour\/cat-hot-air-balloon-standart-flight\/","url":"https:\/\/dreamworkballoons.com\/tour\/cat-hot-air-balloon-standart-flight\/","name":"Cat Hot Air Balloon - Standart Flight - Dreamwork Balloons","isPartOf":{"@id":"https:\/\/dreamworkballoons.com\/#website"},"primaryImageOfPage":{"@id":"https:\/\/dreamworkballoons.com\/tour\/cat-hot-air-balloon-standart-flight\/#primaryimage"},"image":{"@id":"https:\/\/dreamworkballoons.com\/tour\/cat-hot-air-balloon-standart-flight\/#primaryimage"},"thumbnailUrl":"https:\/\/dreamworkballoons.com\/wp-content\/uploads\/2023\/04\/hot_air_balloon_36.webp","datePublished":"2025-12-09T13:19:16+00:00","dateModified":"2026-03-11T19:32:14+00:00","description":"Experience breathtaking views and the magic of Cat Hot Air Balloon. Book your Standard Flight for an unforgettable adventure today!","breadcrumb":{"@id":"https:\/\/dreamworkballoons.com\/tour\/cat-hot-air-balloon-standart-flight\/#breadcrumb"},"inLanguage":"es","potentialAction":[{"@type":"ReadAction","target":["https:\/\/dreamworkballoons.com\/tour\/cat-hot-air-balloon-standart-flight\/"]}]},{"@type":"ImageObject","inLanguage":"es","@id":"https:\/\/dreamworkballoons.com\/tour\/cat-hot-air-balloon-standart-flight\/#primaryimage","url":"https:\/\/dreamworkballoons.com\/wp-content\/uploads\/2023\/04\/hot_air_balloon_36.webp","contentUrl":"https:\/\/dreamworkballoons.com\/wp-content\/uploads\/2023\/04\/hot_air_balloon_36.webp","width":1920,"height":1080},{"@type":"BreadcrumbList","@id":"https:\/\/dreamworkballoons.com\/tour\/cat-hot-air-balloon-standart-flight\/#breadcrumb","itemListElement":[{"@type":"ListItem","position":1,"name":"Anasayfa","item":"https:\/\/dreamworkballoons.com\/"},{"@type":"ListItem","position":2,"name":"Shop","item":"https:\/\/dreamworkballoons.com\/shop\/"},{"@type":"ListItem","position":3,"name":"Cat Hot Air Balloon &#8211; Standart Flight"}]},{"@type":"WebSite","@id":"https:\/\/dreamworkballoons.com\/#website","url":"https:\/\/dreamworkballoons.com\/","name":"Dreamwork Balloons","description":"","potentialAction":[{"@type":"SearchAction","target":{"@type":"EntryPoint","urlTemplate":"https:\/\/dreamworkballoons.com\/?s={search_term_string}"},"query-input":{"@type":"PropertyValueSpecification","valueRequired":true,"valueName":"search_term_string"}}],"inLanguage":"es"}]}},"_links":{"self":[{"href":"https:\/\/dreamworkballoons.com\/es\/wp-json\/wp\/v2\/product\/9494","targetHints":{"allow":["GET"]}}],"collection":[{"href":"https:\/\/dreamworkballoons.com\/es\/wp-json\/wp\/v2\/product"}],"about":[{"href":"https:\/\/dreamworkballoons.com\/es\/wp-json\/wp\/v2\/types\/product"}],"replies":[{"embeddable":true,"href":"https:\/\/dreamworkballoons.com\/es\/wp-json\/wp\/v2\/comments?post=9494"}],"wp:featuredmedia":[{"embeddable":true,"href":"https:\/\/dreamworkballoons.com\/es\/wp-json\/wp\/v2\/media\/9451"}],"wp:attachment":[{"href":"https:\/\/dreamworkballoons.com\/es\/wp-json\/wp\/v2\/media?parent=9494"}],"wp:term":[{"taxonomy":"product_brand","embeddable":true,"href":"https:\/\/dreamworkballoons.com\/es\/wp-json\/wp\/v2\/product_brand?post=9494"},{"taxonomy":"product_cat","embeddable":true,"href":"https:\/\/dreamworkballoons.com\/es\/wp-json\/wp\/v2\/product_cat?post=9494"},{"taxonomy":"product_tag","embeddable":true,"href":"https:\/\/dreamworkballoons.com\/es\/wp-json\/wp\/v2\/product_tag?post=9494"}],"curies":[{"name":"wp","href":"https:\/\/api.w.org\/{rel}","templated":true}]}}